{"id":360,"date":"2021-03-23T11:48:12","date_gmt":"2021-03-23T10:48:12","guid":{"rendered":"https:\/\/phillie-fiffla.podcaster.de\/?page_id=360"},"modified":"2022-11-18T09:29:16","modified_gmt":"2022-11-18T08:29:16","slug":"community","status":"publish","type":"page","link":"https:\/\/phillie-fiffla.podcaster.de\/?page_id=360","title":{"rendered":"Community"},"content":{"rendered":"\n<p>Hier k\u00f6nnt ihr mich \u00fcber Affiliate-Links direkt unterst\u00fctzen. Daf\u00fcr w\u00e4re ich euch sehr dankbar!<\/p>\n\n\n\n<p><strong>NBA LEAGUE PASS:<\/strong><a rel=\"noreferrer noopener\" href=\"https:\/\/track.webgains.com\/click.html?wglinkid=3283075&amp;wgcampaignid=1523135\" target=\"_blank\"><\/a><\/p>\n\n\n\n<figure class=\"wp-block-image size-full\"><a href=\"https:\/\/nba.sjv.io\/c\/3750202\/1466713\/16284\" target=\"_blank\" rel=\"noreferrer noopener\"><img loading=\"lazy\" decoding=\"async\" width=\"300\" height=\"250\" src=\"https:\/\/phillie-fiffla.podcaster.de\/files\/2022\/11\/NBA_300x250_diffusion_tatum_EN_SG_TRY-FREE.jpeg\" alt=\"\" class=\"wp-image-1036\" \/><\/a><\/figure>\n\n\n\n<div class=\"wp-block-columns is-layout-flex wp-container-core-columns-is-layout-9d6595d7 wp-block-columns-is-layout-flex\">\n<div class=\"wp-block-column is-layout-flow wp-block-column-is-layout-flow\" style=\"flex-basis:100%\"><\/div>\n<\/div>\n\n\n\n<p><strong>Online-Shop BALLSIDE, alles was das Basketball-Herz begehrt:<\/strong><\/p>\n\n\n\n<figure class=\"wp-block-image size-full\"><a href=\"https:\/\/track.webgains.com\/click.html?wglinkid=4407318&amp;wgcampaignid=1523135&amp;js=0\" target=\"_blank\" rel=\"noopener\"><img loading=\"lazy\" decoding=\"async\" width=\"770\" height=\"450\" src=\"https:\/\/phillie-fiffla.podcaster.de\/files\/2022\/11\/linkbasllside.jpg\" alt=\"\" class=\"wp-image-1054\" srcset=\"https:\/\/phillie-fiffla.podcaster.de\/files\/2022\/11\/linkbasllside.jpg 770w, https:\/\/phillie-fiffla.podcaster.de\/files\/2022\/11\/linkbasllside-300x175.jpg 300w, https:\/\/phillie-fiffla.podcaster.de\/files\/2022\/11\/linkbasllside-768x449.jpg 768w, https:\/\/phillie-fiffla.podcaster.de\/files\/2022\/11\/linkbasllside-624x365.jpg 624w\" sizes=\"auto, (max-width: 770px) 100vw, 770px\" \/><\/a><\/figure>\n","protected":false},"excerpt":{"rendered":"<p>Hier k\u00f6nnt ihr mich \u00fcber Affiliate-Links direkt unterst\u00fctzen. Daf\u00fcr w\u00e4re ich euch sehr dankbar! NBA LEAGUE PASS: Online-Shop BALLSIDE, alles was das Basketball-Herz begehrt:<\/p>\n","protected":false},"author":8795,"featured_media":0,"parent":0,"menu_order":0,"comment_status":"closed","ping_status":"closed","template":"","meta":{"enclosure":"","podcast_author":"","podcast_copyright":"","podcast_website":"","podcast_logo":"","footnotes":""},"class_list":["post-360","page","type-page","status-publish","hentry"],"jetpack_sharing_enabled":true,"_links":{"self":[{"href":"https:\/\/phillie-fiffla.podcaster.de\/index.php?rest_route=\/wp\/v2\/pages\/360","targetHints":{"allow":["GET"]}}],"collection":[{"href":"https:\/\/phillie-fiffla.podcaster.de\/index.php?rest_route=\/wp\/v2\/pages"}],"about":[{"href":"https:\/\/phillie-fiffla.podcaster.de\/index.php?rest_route=\/wp\/v2\/types\/page"}],"author":[{"embeddable":true,"href":"https:\/\/phillie-fiffla.podcaster.de\/index.php?rest_route=\/wp\/v2\/users\/8795"}],"replies":[{"embeddable":true,"href":"https:\/\/phillie-fiffla.podcaster.de\/index.php?rest_route=%2Fwp%2Fv2%2Fcomments&post=360"}],"version-history":[{"count":76,"href":"https:\/\/phillie-fiffla.podcaster.de\/index.php?rest_route=\/wp\/v2\/pages\/360\/revisions"}],"predecessor-version":[{"id":1069,"href":"https:\/\/phillie-fiffla.podcaster.de\/index.php?rest_route=\/wp\/v2\/pages\/360\/revisions\/1069"}],"wp:attachment":[{"href":"https:\/\/phillie-fiffla.podcaster.de\/index.php?rest_route=%2Fwp%2Fv2%2Fmedia&parent=360"}],"curies":[{"name":"wp","href":"https:\/\/api.w.org\/{rel}","templated":true}]}}