{"id":130,"date":"2020-11-10T22:53:13","date_gmt":"2020-11-10T21:53:13","guid":{"rendered":"https:\/\/phillie-fiffla.podcaster.de\/?page_id=130"},"modified":"2021-10-05T11:27:29","modified_gmt":"2021-10-05T09:27:29","slug":"wer-wie-was-wieso-weshalb-warum","status":"publish","type":"page","link":"https:\/\/phillie-fiffla.podcaster.de\/?page_id=130","title":{"rendered":"Wer, Wie, Was? Wieso, Weshalb, Warum?"},"content":{"rendered":"\n<h2 class=\"wp-block-heading\">Wer?<\/h2>\n\n\n\n<p>Mein Name ist Philip Wohlfarth a.k.a. Phillie Fiffla \u2013 geboren 84, stolzer Familienvater, NBA-verr\u00fcckt. Liebe zum Spiel \u2013 Enthusiast \u2013 Fan \u2013 Positiv denkend \u2013 an das Gute glaubend oder doch naiv? \ud83d\ude00 &#8211; Idol: Dirk \u2013 #MFFL \u2013 StatsNerd \u2013 Streetball-Veteran \u2013 Erstes Trikot: Shaq 32#Magic \u2013 am liebsten live vor Ort \u2013 on the court: Leidenschaft, Kampf und Herz \u2013 off the court: Love, Peace &amp; Harmony \u2013 Freund der Kommunikation \u2013 sportlich aktiv &#8211; fr\u00fcher ca. 5 Bezirksliga-Eins\u00e4tze (Basketball) und Kreisliga-Meister als Vizekapit\u00e4n (Fussball) \u2013 etliche Sportverletzungen \u2639 fr\u00fcher Vertrieb, nun mein eigenes Ding&nbsp; -&gt; it\u2019s a dream coming true<\/p>\n\n\n\n<h2 class=\"wp-block-heading\">Wie?<\/h2>\n\n\n\n<p>Podcast bei Apple\/Google Podcast, Spotify, Amazon Podcasts und castbox.fm. W\u00e4hrend der Saison 2 mal die Woche. Montags gibt es immer den Wochenr\u00fcckblick, Wochen-Awards und die Story der Woche. Dazu ein &#8222;Trash Talk Table&#8220;  zum Wochenende mit mehr Tiefgang. Au\u00dferdem k\u00f6nnt ihr mir auf Twitch, Instagram und Youtube f\u00fcr mehr Content folgen. Dort baue ich meine Aktivit\u00e4ten gerade aus. <\/p>\n\n\n\n<h2 class=\"wp-block-heading\">Was?<\/h2>\n\n\n\n<p>#nbamitdeutscherbrille bedeutet die NBA mit all ihren Facetten aus der Perspektive der deutschen Spieler zu erleben. Das alln\u00e4chtliche Spektakel verfolge ich \u00fcberwiegend live. Durch die deutsche Brille sehe und analysiere ich \u00fcber das Jahr alle Teams und Spieler. Dabei wird die Brille auch mal runtergenommen und nat\u00fcrlich auch dar\u00fcber berichtet, was sonst auf und neben dem Parkett passiert.<\/p>\n\n\n\n<h2 class=\"wp-block-heading\">Wieso, Weshalb, Warum?<\/h2>\n\n\n\n<p>Ich liebe Basketball! Das Dream-Team \u00b492, die Chicago Bulls um Jordan und schlie\u00dflich Dirk Nowitzkis Entwicklung in Dallas zementierten diese Liebe. In Basketball-Deutschland war es nicht immer einfach am Ball zu bleiben: Kaum vorhandene Berichterstattung, langsame ISDN-Leitungen und dann diese niederschmetternden Niederlagen der Dallas Mavericks. Besonders nach der Finals-Niederlage in 2006 sa\u00df der Schmerz tief. Ich hatte die Schnauze voll. 2008 begann ich dann mein &nbsp;berufsbegleitendes Studium und der Typ neben mir (@AGE, Mavs-Experte) streamte immer die Recaps auf Nba.com w\u00e4hrend der Vorlesungen. Das mittlerweile deutlich schnellere Internet er\u00f6ffnete ganz neue M\u00f6glichkeiten (man f\u00fchl ich mich bei dem Satz alt \ud83d\ude0a). Es folgten Jahre mit wenig Schlaf und viel Live-Basketball. Viele Akteure wussten zu begeistern: Dirk in seiner Prime, MVP Derrick Rose und dann war da noch der Thronanw\u00e4rter LeBron James. Die Konstante war aber immer Dirk, mit dem Highlight der Championship in 2011. Bis auf 1 Spiel habe ich von den Playoffs jedes Spiel komplett live gesehen und in der Saison wahrscheinlich auch ca. 78 von 82. Es war der Wahnsinn. Dirk hat seinen Traum wahr gemacht, und irgendwie war es auch mittlerweile mein Eigener. F\u00fcr die Mavericks ging es dann langsam bergab, aber das war nicht schlimm. Die NBA hatte mich komplett in ihrem Bann. Die deutsche Brille habe ich mir aber trotzdem bewahrt. Der Traum von dem W\u00fcrzburger Jungen, der die NBA eroberte, hallte irgendwie nach. So blickte ich gespannt auf Tibor Plei\u00df, Tim Ohlbrecht, Elias Harris, Paul Zipser\u2026 und mir wurde wieder bewusst, wie schwer es ist, sich in der NBA zu etablieren. Immerhin konnte sich einer, Dennis \u201ethe Menace\u201c Schr\u00f6der, langfristig etablieren und begeistern. Mittlerweile hat auch er die ersten R\u00fcckschl\u00e4ge bew\u00e4ltigt und ist jetzt mal so richtig am Start in Oklahoma. 2018 kommt doch dann tats\u00e4chlich der auch in W\u00fcrzburg geborene Maxi Kleber nach Dallas (are you serious???). Dazu Daniel Theis zu den legend\u00e4ren Celtics, Isaiah Hartenstein schafft den Sprung zu den Rockets und ein Jahr sp\u00e4ter werden Moe Wagner UND Isaac Bonga von den Lakers gedraftet?! WTF?! In den letzten Jahren ist mir die Berichterstattung da zu kurz gekommen. Die Jungs haben meiner Meinung nach zu wenig Aufmerksamkeit bekommen. Pers\u00f6nlich war ich mittlerweile selbst auch beruflich sehr eingespannt und nach dem morgendlichen Stats-&amp; Score-Check geht\u2019s ins Auto, ohne wirklich zu wissen, was eigentlich alles passiert ist. Ich will nicht nur den Boxscore und die Highlights der Superstars sehen. So begann ich Podcasts zu h\u00f6ren, um die Zeit im Auto zu nutzen. Ich saugte alles auf, aber auch das stellte mich nicht zufrieden. Ich wollte morgens wissen was in der letzten Nacht abging, etwas von den Emotionen der Nacht mitbekommen. Wie haben die deutschen Jungs und deren Teams gespielt? Haben Sie ihren Beitrag geleistet, haben Sie einen Schritt nach Vorne gemacht, wie war das Matchup? Wie waren die Stats und wie sind sie zu interpretieren? Zahlen l\u00fcgen nicht, aber sie sagen auch nicht die ganze Wahrheit.<\/p>\n\n\n\n<p>Das will ich nun selbst liefern und daher habe ich mir \u00fcber viele Monate ein Konzept zusammengebastelt. Das ist #nbamitdeutscherbrille<\/p>\n\n\n\n<p>Sinzig, im Mai 2020<\/p>\n\n\n\n<p>UPDATE im Oktober 2022:<\/p>\n\n\n\n<p>Zur neuen Saison habe ich mein Programm etwas angepasst. Ich m\u00f6chte mehr Qualit\u00e4t statt Quantit\u00e4t liefern. So fallen die Daily Pods weg und ich liefere euch 2 mal die Woche alles Wissenswerte aus der NBA. Gerne k\u00f6nnt ihr das Programm mit beeinflussen. Schreibt mir einfach was ihr euch w\u00fcnscht oder stellt Fragen, auf die ich im Pod eingehen kann. Mittelfristig bin ich auf eine kleine Anzahl an Supportern angewiesen. Bei Steady k\u00f6nnt ihr mich direkt unterst\u00fctzen und erhaltet so exklusive Vorteile. Ein kleiner Beitrag von euch, f\u00fcr den ich euch mega dankbar w\u00e4re.<\/p>\n\n\n\n<p>Never stop ballin&#8216;!<\/p>\n","protected":false},"excerpt":{"rendered":"<p>Wer? Mein Name ist Philip Wohlfarth a.k.a. Phillie Fiffla \u2013 geboren 84, stolzer Familienvater, NBA-verr\u00fcckt. Liebe zum Spiel \u2013 Enthusiast \u2013 Fan \u2013 Positiv denkend \u2013 an das Gute glaubend oder doch naiv? \ud83d\ude00 &#8211; Idol: Dirk \u2013 #MFFL \u2013 StatsNerd \u2013 Streetball-Veteran \u2013 Erstes Trikot: Shaq 32#Magic \u2013 am liebsten live vor Ort \u2013 [&hellip;]<\/p>\n","protected":false},"author":8795,"featured_media":0,"parent":3,"menu_order":0,"comment_status":"closed","ping_status":"closed","template":"","meta":{"enclosure":"","podcast_author":"","podcast_copyright":"","podcast_website":"","podcast_logo":"","footnotes":""},"class_list":["post-130","page","type-page","status-publish","hentry"],"jetpack_sharing_enabled":true,"_links":{"self":[{"href":"https:\/\/phillie-fiffla.podcaster.de\/index.php?rest_route=\/wp\/v2\/pages\/130","targetHints":{"allow":["GET"]}}],"collection":[{"href":"https:\/\/phillie-fiffla.podcaster.de\/index.php?rest_route=\/wp\/v2\/pages"}],"about":[{"href":"https:\/\/phillie-fiffla.podcaster.de\/index.php?rest_route=\/wp\/v2\/types\/page"}],"author":[{"embeddable":true,"href":"https:\/\/phillie-fiffla.podcaster.de\/index.php?rest_route=\/wp\/v2\/users\/8795"}],"replies":[{"embeddable":true,"href":"https:\/\/phillie-fiffla.podcaster.de\/index.php?rest_route=%2Fwp%2Fv2%2Fcomments&post=130"}],"version-history":[{"count":7,"href":"https:\/\/phillie-fiffla.podcaster.de\/index.php?rest_route=\/wp\/v2\/pages\/130\/revisions"}],"predecessor-version":[{"id":515,"href":"https:\/\/phillie-fiffla.podcaster.de\/index.php?rest_route=\/wp\/v2\/pages\/130\/revisions\/515"}],"up":[{"embeddable":true,"href":"https:\/\/phillie-fiffla.podcaster.de\/index.php?rest_route=\/wp\/v2\/pages\/3"}],"wp:attachment":[{"href":"https:\/\/phillie-fiffla.podcaster.de\/index.php?rest_route=%2Fwp%2Fv2%2Fmedia&parent=130"}],"curies":[{"name":"wp","href":"https:\/\/api.w.org\/{rel}","templated":true}]}}